{"id":9,"date":"2022-06-22T18:53:05","date_gmt":"2022-06-22T18:53:05","guid":{"rendered":"http:\/\/prg-astra.com\/wp\/wp\/?page_id=9"},"modified":"2022-06-22T19:09:20","modified_gmt":"2022-06-22T19:09:20","slug":"biographie","status":"publish","type":"page","link":"https:\/\/prg-astra.com\/wp\/","title":{"rendered":"L&rsquo;auteur"},"content":{"rendered":"<div class=\"wp-block-image\">\n<figure class=\"alignright size-full is-resized\"><img loading=\"lazy\" decoding=\"async\" src=\"http:\/\/prg-astra.com\/wp\/wp\/wp-content\/uploads\/2022\/06\/Lauteur.png\" alt=\"\" class=\"wp-image-28\" width=\"415\" height=\"276\" srcset=\"https:\/\/prg-astra.com\/wp\/wp-content\/uploads\/2022\/06\/Lauteur.png 313w, https:\/\/prg-astra.com\/wp\/wp-content\/uploads\/2022\/06\/Lauteur-300x199.png 300w\" sizes=\"(max-width: 415px) 100vw, 415px\" \/><figcaption>Georges-Patrick Gleize<\/figcaption><\/figure><\/div>\n\n\n<p>Georges-Patrick GLEIZE est n\u00e9 en 1952 \u00e0 Paris(XVIe), o\u00f9 sa m\u00e8re poursuit une carri\u00e8re de com\u00e9dienne au &nbsp;th\u00e9\u00e2tre, \u00e0 la radio &nbsp;et &nbsp;au cin\u00e9ma. &nbsp;Si les lettres et le monde du spectacle bercent ses ann\u00e9es de jeunesse &nbsp;par les rencontres qu&rsquo;il y fait, son enfance se passe chez ses grands-parents, \u00e0 Foix, en Ari\u00e8ge, au pied &nbsp;du &nbsp;Plantaurel, &nbsp;d&rsquo;o\u00f9 &nbsp;&nbsp;sa &nbsp;famille &nbsp;est &nbsp;originaire. &nbsp;\u00ab J&rsquo;y &nbsp;d\u00e9couvris &nbsp;les &nbsp;bonheurs d&rsquo;enfance, &nbsp;le sel de &nbsp;la &nbsp;terre au fil des saisons et des jours \u00bb. Dans la cour des marronniers de l&rsquo;\u00e9cole Lakanal , il suit les premi\u00e8res ann\u00e9es &nbsp;de sa scolarit\u00e9 et m\u00e9morise le parfum de la craie et de l&rsquo;encre de la communale. A 7 ans, ses parents s&rsquo;installent \u00e0 Toulouse et il ne rentre que le &nbsp;dimanche &nbsp;dans &nbsp;les &nbsp;Pyr\u00e9n\u00e9es. &nbsp;De cette rupture, &nbsp;il conserve la passion du pays qui l&rsquo;a vu grandir. &nbsp;\u00ab Quitter sa terre, &nbsp;c&rsquo;est le pire des d\u00e9chirements. \u00bb Il poursuit ses \u00e9tudes secondaires au &nbsp;Lyc\u00e9e &nbsp;Pierre &nbsp;de &nbsp;Fermat &nbsp;\u00e0 &nbsp;Toulouse &nbsp;avant &nbsp;d\u2019entreprendre des \u00e9tudes sup\u00e9rieures d&rsquo;histoire \u00e0 l&rsquo;Universit\u00e9 &nbsp;de &nbsp;Toulouse &nbsp;le &nbsp;Mirail &nbsp;qui &nbsp;le &nbsp;conduisent &nbsp;apr\u00e8s &nbsp;licence &nbsp;et ma\u00eetrise, \u00e0 un DEA d&rsquo;histoire m\u00e9ridionale .<br><br>&nbsp;&nbsp;&nbsp; &nbsp;&nbsp;&nbsp; Agr\u00e9g\u00e9 d&rsquo;histoire et g\u00e9ographie, sa carri\u00e8re professionnelle d&rsquo;enseignant le m\u00e8ne successivement au lyc\u00e9e d&rsquo;Aiguillon en Lot et Garonne, puis \u00e0 ceux de Dunkerque et de Gu\u00e9ret en Creuse o\u00f9 il anime une section BTS tourisme. En 1991, il choisit de rentrer en Ari\u00e8ge et il enseigne depuis comme professeur au Lyc\u00e9e du Castella de Pamiers. Sans d\u00e9laisser sa passion du &nbsp;monde &nbsp;rural &nbsp;o\u00f9 &nbsp;baignent &nbsp;les &nbsp;racines de son enfance, il s&rsquo;int\u00e9resse alors aux relations internationales et \u00e0 la g\u00e9opolitique du monde contemporain en suivant &nbsp;l&rsquo;enseignement de l&rsquo;Institut des Hautes \u00c9tudes de la D\u00e9fense Nationale.<br><br>&nbsp;&nbsp;&nbsp; &nbsp;&nbsp;&nbsp; \u00ab Depuis longtemps j&rsquo;\u00e9crivais, mais je n&rsquo;avais jamais os\u00e9 pr\u00e9senter quoi que ce soit.. \u00bb En 2001 Georges-Patrick GLEIZE propose un manuscrit aux \u00c9ditions Albin Michel qui l&rsquo;acceptent. Ce sera son premier roman, une oeuvre qui s&rsquo;inscrit dans la th\u00e9matique de la m\u00e9moire des hommes : \u00ab&nbsp;Le Temps en H\u00e9ritage&nbsp;\u00bb, paru en 2002, est un r\u00e9cit nostalgique et enchanteur, inspir\u00e9 de son enfance pyr\u00e9n\u00e9enne et de sa relation avec son grand-p\u00e8re. L&rsquo;ann\u00e9e suivante, ce succ\u00e8s se poursuit &nbsp;chez Albin Michel avec \u00ab&nbsp;Le Chemin de Peyreblanque&nbsp;\u00bb \u00ab quand se d\u00e9cha\u00eenent les haines et les convoitises au coeur d&rsquo;une vall\u00e9e de l&rsquo;Ari\u00e8ge \u00bb. En f\u00e9vrier 2005, il publie un troisi\u00e8me roman chez le m\u00eame \u00e9diteur, &nbsp;\u00ab&nbsp;La Vie en Plus&nbsp;\u00bb, \u00ab une histoire de passions et d&rsquo;amiti\u00e9 o\u00f9 de l&rsquo;homme et de l&rsquo;ours, l&rsquo;ennemi n&rsquo;est pas toujours celui qu&rsquo;on croit \u00bb, un r\u00e9cit tout entier d\u00e9di\u00e9 \u00e0 la beaut\u00e9 sauvage du Couserans et de la civilisation pastorale. D\u00e8s lors, son oeuvre se stucture en th\u00e9matique ternaires.<br><br>&nbsp;&nbsp;&nbsp; &nbsp;&nbsp;&nbsp; En Avril 2006, Georges-Patrick Gleize &nbsp;propose \u00e0 son public une nouvelle orientation th\u00e9matique romanesque : Les luttes d\u2019esp\u00e9rance. Il offre ainsi \u00e0 ses lecteurs \u00ab&nbsp;Le Forgeron de la Libert\u00e9&nbsp;\u00bb, chez Albin Michel. &nbsp;\u00ab C\u2019est un roman d\u2019amour dans le vent de l\u2019histoire des hommes de peine et d\u2019effort, qui, \u00e0 la fin du XIX\u00e9me, cherchaient une vie meilleure sur les chemins de la libert\u00e9, entre Aude, Paris et Ari\u00e8ge. \u00bb En janvier 2007, Georges-Patrick GLEIZE publie un autre roman: \u00ab&nbsp;Un Brin d\u2019Esp\u00e9rance&nbsp;\u00bb, chronique romanesque du monde des paysans ouvriers du pays d\u2019Olmes lanc\u00e9s dans l\u2019aventure du textile, une \u0153uvre sensible, authentique et pleine de nostalgie d\u2019un monde qui n\u2019est plus au temps d\u2019aujourd\u2019hui. En f\u00e9vrier 2008 Georges-Patrick GLEIZE fait para\u00eetre toujours chez Albin Michel \u00ab&nbsp;Le Sentier des Pastelliers&nbsp;\u00bb, une oeuvre qui retrace la r\u00e9introduction du Pastel dans les campagnes du Lauragais, ressuscitant le mythe du pays de Cocagne.<br><br>&nbsp;&nbsp;&nbsp;&nbsp; A partir de Mars 2009, avec la publication d\u2019un nouveau roman, \u00ab&nbsp;Le destin de Marthe Rivi\u00e8re&nbsp;\u00bb, Georges-Patrick GLEIZE s\u2019int\u00e9resse \u00e0 une nouvelle th\u00e9matique romanesque, celle de destins crois\u00e9s, port\u00e9s par le vent de l&rsquo;histoire. \u00ab&nbsp;C\u2019est un r\u00e9cit plein de passions qui conduit ses acteurs des Pyr\u00e9n\u00e9es aux rives alg\u00e9riennes de la M\u00e9diterran\u00e9e, pour les plonger dans &nbsp;les fureurs de l\u2019histoire et transcender ainsi leur devenir&nbsp;\u00bb. En F\u00e9vrier 2010, Georges-Patrick GLEIZE fait para\u00eetre \u00e0 nouveau chez Albin Michel L\u2019Auberge des Myrtilles \u00ab un roman qui entra\u00eene le lecteur sur les chemins de la destin\u00e9e de ceux qui cherchent \u00e0 conjurer les fant\u00f4mes des heures sombres de l\u2019occupation&nbsp;\u00bb. En Mars 2011, toujours sur le th\u00e8me de la m\u00e9moire des p\u00e8res, Georges-Patrick GLEIZE publie toujours chez Albin Michel \u00ab&nbsp;Rue des Hortensias rouges&nbsp;\u00bb,&nbsp; \u00ab&nbsp;le r\u00e9cit de la folle passion d\u2019une jeune bourgeoise toulousaine dans la France du Front populaire&nbsp;\u00bb.<br><br>&nbsp;&nbsp;&nbsp; &nbsp;&nbsp;&nbsp; En 2012, Georges-Patrick Gleize commence avec son roman \u00ab Une nuit en juin \u00bb qui a cette fois pour cadre les Pyr\u00e9n\u00e9es-orientales, une nouvelle th\u00e9matique sur \u00ab&nbsp;ce pass\u00e9 qui ne passe pas&nbsp;\u00bb comme l\u2019\u00e9crivait l\u2019historien H. Rousso. Il poursuit dans cette m\u00eame direction avec \u00a0\u00bb La fille de fabrique\u00a0\u00bb, un roman qui plonge les lecteurs dans l&rsquo;univers chatoyant et magique des faienciers de Martres-Tolosane qui para\u00eet aux Editions Calmann-L\u00e9vy en 2013. En 2014, le centenaire de la Grande Guerre lui inspire un nouveau roman \u00a0\u00bb Pas plus tard que l&rsquo;aurore\u00a0\u00bb o\u00f9 il invite les lecteurs \u00e0 suivre l&rsquo;etonnante histoire d&rsquo;un instituteur dans le premier conflit mondial. Parallement \u00e0 cet oeuvre romanesque, il participe en tant qu&rsquo;historien \u00e0 un ouvrage sur l&rsquo;histoire des poilus de Midi-Pyr\u00e9n\u00e9es. &nbsp;<br><br>&nbsp;&nbsp;&nbsp;&nbsp;&nbsp; En 2015, Georges-Patrick GLEIZE change de th\u00e9matique et va faire paraitre en mars \u00ab\u00a0Le Serment des Oliviers\u00a0\u00bb, une oeuvre sur le th\u00e8me du poids des souvenirs, facteurs des destin\u00e9s humaines qui entraine le lecteur \u00e0 la recherche de la v\u00e9rit\u00e9 dans les ann\u00e9es quarantes. Fid\u00e8le \u00e0 cette m\u00eame direction d&rsquo;\u00e9criture, il publie en avril 2016 un roman \u00ab\u00a0Le vent de la jeunesse\u00a0\u00bb sur le theme de l&rsquo;arriv\u00e9e en France des immigr\u00e8s italiens et de leur insertion. Pour 2017, il avoue pr\u00e9parer un nouveau roman ayant pour sujet \u00ab\u00a0les caboss\u00e9s de la vie\u00a0\u00bb mais avec une action plus contemporaine .<\/p>\n","protected":false},"excerpt":{"rendered":"<p>Georges-Patrick GLEIZE est n\u00e9 en 1952 \u00e0 Paris(XVIe), o\u00f9 sa m\u00e8re poursuit une carri\u00e8re de com\u00e9dienne au &nbsp;th\u00e9\u00e2tre, \u00e0 la radio &nbsp;et &nbsp;au cin\u00e9ma. &nbsp;Si les lettres et le monde du spectacle bercent ses ann\u00e9es de jeunesse &nbsp;par les rencontres qu&rsquo;il y fait, son enfance se passe chez ses grands-parents, \u00e0 Foix, en Ari\u00e8ge, au pied &nbsp;du &nbsp;Plantaurel, &nbsp;d&rsquo;o\u00f9 &nbsp;&nbsp;sa &nbsp;famille &nbsp;est &nbsp;originaire. &nbsp;\u00ab J&rsquo;y &nbsp;d\u00e9couvris &nbsp;les &nbsp;bonheurs d&rsquo;enfance, &nbsp;le sel de &nbsp;la &nbsp;terre au fil des saisons et des jours \u00bb. Dans la cour des marronniers de l&rsquo;\u00e9cole Lakanal , il suit les premi\u00e8res ann\u00e9es &nbsp;de sa scolarit\u00e9 et m\u00e9morise le parfum de la craie et de l&rsquo;encre de la communale. A 7 ans, ses parents s&rsquo;installent \u00e0 Toulouse et il ne rentre que le &nbsp;dimanche &nbsp;dans &nbsp;les &nbsp;Pyr\u00e9n\u00e9es. &nbsp;De cette rupture, &nbsp;il conserve la passion du pays qui l&rsquo;a vu grandir. &nbsp;\u00ab Quitter sa terre, &nbsp;c&rsquo;est le pire des d\u00e9chirements. \u00bb Il poursuit ses \u00e9tudes secondaires au &nbsp;Lyc\u00e9e &nbsp;Pierre &nbsp;de &nbsp;Fermat &nbsp;\u00e0 &nbsp;Toulouse &nbsp;avant &nbsp;d\u2019entreprendre des \u00e9tudes sup\u00e9rieures d&rsquo;histoire \u00e0 l&rsquo;Universit\u00e9 &nbsp;de &nbsp;Toulouse &nbsp;le &nbsp;Mirail &nbsp;qui &nbsp;le &nbsp;conduisent &nbsp;apr\u00e8s &nbsp;licence &nbsp;et ma\u00eetrise, \u00e0 un DEA d&rsquo;histoire m\u00e9ridionale . &nbsp;&nbsp;&nbsp; &nbsp;&nbsp;&nbsp; Agr\u00e9g\u00e9 d&rsquo;histoire et g\u00e9ographie, sa carri\u00e8re professionnelle d&rsquo;enseignant le m\u00e8ne successivement au lyc\u00e9e d&rsquo;Aiguillon en Lot et Garonne, puis \u00e0 ceux de Dunkerque et de Gu\u00e9ret en Creuse o\u00f9 il anime une section BTS tourisme. En 1991, il choisit de rentrer en Ari\u00e8ge et il enseigne depuis comme professeur au Lyc\u00e9e du Castella de Pamiers. Sans d\u00e9laisser sa passion du &nbsp;monde &nbsp;rural &nbsp;o\u00f9 &nbsp;baignent &nbsp;les &nbsp;racines de son enfance, il s&rsquo;int\u00e9resse alors aux relations internationales et \u00e0 la g\u00e9opolitique du monde contemporain en suivant &nbsp;l&rsquo;enseignement de l&rsquo;Institut des Hautes \u00c9tudes de la D\u00e9fense Nationale. &nbsp;&nbsp;&nbsp; &nbsp;&nbsp;&nbsp; \u00ab Depuis longtemps j&rsquo;\u00e9crivais, mais je n&rsquo;avais jamais os\u00e9 pr\u00e9senter quoi que ce soit.. \u00bb En 2001 Georges-Patrick GLEIZE propose un manuscrit aux \u00c9ditions Albin Michel qui l&rsquo;acceptent. Ce sera son premier roman, une oeuvre qui s&rsquo;inscrit dans la th\u00e9matique de la m\u00e9moire des hommes : \u00ab&nbsp;Le Temps en H\u00e9ritage&nbsp;\u00bb, paru en 2002, est un r\u00e9cit nostalgique et enchanteur, inspir\u00e9 de son enfance pyr\u00e9n\u00e9enne et de sa relation avec son grand-p\u00e8re. L&rsquo;ann\u00e9e suivante, ce succ\u00e8s se poursuit &nbsp;chez Albin Michel avec \u00ab&nbsp;Le Chemin de Peyreblanque&nbsp;\u00bb \u00ab quand se d\u00e9cha\u00eenent les haines et les convoitises au coeur d&rsquo;une vall\u00e9e de l&rsquo;Ari\u00e8ge \u00bb. En f\u00e9vrier 2005, il publie un troisi\u00e8me roman chez le m\u00eame \u00e9diteur, &nbsp;\u00ab&nbsp;La Vie en Plus&nbsp;\u00bb, \u00ab une histoire de passions et d&rsquo;amiti\u00e9 o\u00f9 de l&rsquo;homme et de l&rsquo;ours, l&rsquo;ennemi n&rsquo;est pas toujours celui qu&rsquo;on croit \u00bb, un r\u00e9cit tout entier d\u00e9di\u00e9 \u00e0 la beaut\u00e9 sauvage du Couserans et de la civilisation pastorale. D\u00e8s lors, son oeuvre se stucture en th\u00e9matique ternaires. &nbsp;&nbsp;&nbsp; &nbsp;&nbsp;&nbsp; En Avril 2006, Georges-Patrick Gleize &nbsp;propose \u00e0 son public une nouvelle orientation th\u00e9matique romanesque : Les luttes d\u2019esp\u00e9rance. Il offre ainsi \u00e0 ses lecteurs \u00ab&nbsp;Le Forgeron de la Libert\u00e9&nbsp;\u00bb, chez Albin Michel. &nbsp;\u00ab C\u2019est un roman d\u2019amour dans le vent de l\u2019histoire des hommes de peine et d\u2019effort, qui, \u00e0 la fin du XIX\u00e9me, cherchaient une vie meilleure sur les chemins de la libert\u00e9, entre Aude, Paris et Ari\u00e8ge. \u00bb En janvier 2007, Georges-Patrick GLEIZE publie un autre roman: \u00ab&nbsp;Un Brin d\u2019Esp\u00e9rance&nbsp;\u00bb, chronique romanesque du monde des paysans ouvriers du pays d\u2019Olmes lanc\u00e9s dans l\u2019aventure du textile, une \u0153uvre sensible, authentique et pleine de nostalgie d\u2019un monde qui n\u2019est plus au temps d\u2019aujourd\u2019hui. En f\u00e9vrier 2008 Georges-Patrick GLEIZE fait para\u00eetre toujours chez Albin Michel \u00ab&nbsp;Le Sentier des Pastelliers&nbsp;\u00bb, une oeuvre qui retrace la r\u00e9introduction du Pastel dans les campagnes du Lauragais, ressuscitant le mythe du pays de Cocagne. &nbsp;&nbsp;&nbsp;&nbsp; A partir de Mars 2009, avec la publication d\u2019un nouveau roman, \u00ab&nbsp;Le destin de Marthe Rivi\u00e8re&nbsp;\u00bb, Georges-Patrick GLEIZE s\u2019int\u00e9resse \u00e0 une nouvelle th\u00e9matique romanesque, celle de destins crois\u00e9s, port\u00e9s par le vent de l&rsquo;histoire. \u00ab&nbsp;C\u2019est un r\u00e9cit plein de passions qui conduit ses acteurs des Pyr\u00e9n\u00e9es aux rives alg\u00e9riennes de la M\u00e9diterran\u00e9e, pour les plonger dans &nbsp;les fureurs de l\u2019histoire et transcender ainsi leur devenir&nbsp;\u00bb. En F\u00e9vrier 2010, Georges-Patrick GLEIZE fait para\u00eetre \u00e0 nouveau chez Albin Michel L\u2019Auberge des Myrtilles \u00ab un roman qui entra\u00eene le lecteur sur les chemins de la destin\u00e9e de ceux qui cherchent \u00e0 conjurer les fant\u00f4mes des heures sombres de l\u2019occupation&nbsp;\u00bb. En Mars 2011, toujours sur le th\u00e8me de la m\u00e9moire des p\u00e8res, Georges-Patrick GLEIZE publie toujours chez Albin Michel \u00ab&nbsp;Rue des Hortensias rouges&nbsp;\u00bb,&nbsp; \u00ab&nbsp;le r\u00e9cit de la folle passion d\u2019une jeune bourgeoise toulousaine dans la France du Front populaire&nbsp;\u00bb. &nbsp;&nbsp;&nbsp; &nbsp;&nbsp;&nbsp; En 2012, Georges-Patrick Gleize commence avec son roman \u00ab Une nuit en juin \u00bb qui a cette fois pour cadre les Pyr\u00e9n\u00e9es-orientales, une nouvelle th\u00e9matique sur \u00ab&nbsp;ce pass\u00e9 qui ne passe pas&nbsp;\u00bb comme l\u2019\u00e9crivait l\u2019historien H. Rousso. Il poursuit dans cette m\u00eame direction avec \u00a0\u00bb La fille de fabrique\u00a0\u00bb, un roman qui plonge les lecteurs dans l&rsquo;univers chatoyant et magique des faienciers de Martres-Tolosane qui para\u00eet aux Editions Calmann-L\u00e9vy en 2013. En 2014, le centenaire de la Grande Guerre lui inspire un nouveau roman \u00a0\u00bb Pas plus tard que l&rsquo;aurore\u00a0\u00bb o\u00f9 il invite les lecteurs \u00e0 suivre l&rsquo;etonnante histoire d&rsquo;un instituteur dans le premier conflit mondial. Parallement \u00e0 cet oeuvre romanesque, il participe en tant qu&rsquo;historien \u00e0 un ouvrage sur l&rsquo;histoire des poilus de Midi-Pyr\u00e9n\u00e9es. &nbsp; &nbsp;&nbsp;&nbsp;&nbsp;&nbsp; En 2015, Georges-Patrick GLEIZE change de th\u00e9matique et va faire paraitre en mars \u00ab\u00a0Le Serment des Oliviers\u00a0\u00bb, une oeuvre sur le th\u00e8me du poids des souvenirs, facteurs des destin\u00e9s humaines qui entraine le lecteur \u00e0 la recherche de la v\u00e9rit\u00e9 dans les ann\u00e9es quarantes. Fid\u00e8le \u00e0 cette m\u00eame direction d&rsquo;\u00e9criture, il publie en avril 2016 un roman \u00ab\u00a0Le vent de la jeunesse\u00a0\u00bb sur le theme de l&rsquo;arriv\u00e9e en France des immigr\u00e8s italiens et de leur insertion. Pour 2017, il avoue pr\u00e9parer un nouveau roman ayant pour sujet \u00ab\u00a0les caboss\u00e9s de la vie\u00a0\u00bb mais avec une action plus contemporaine .<\/p>\n","protected":false},"author":1,"featured_media":0,"parent":0,"menu_order":0,"comment_status":"closed","ping_status":"closed","template":"","meta":{"footnotes":""},"_links":{"self":[{"href":"https:\/\/prg-astra.com\/wp\/index.php?rest_route=\/wp\/v2\/pages\/9"}],"collection":[{"href":"https:\/\/prg-astra.com\/wp\/index.php?rest_route=\/wp\/v2\/pages"}],"about":[{"href":"https:\/\/prg-astra.com\/wp\/index.php?rest_route=\/wp\/v2\/types\/page"}],"author":[{"embeddable":true,"href":"https:\/\/prg-astra.com\/wp\/index.php?rest_route=\/wp\/v2\/users\/1"}],"replies":[{"embeddable":true,"href":"https:\/\/prg-astra.com\/wp\/index.php?rest_route=%2Fwp%2Fv2%2Fcomments&post=9"}],"version-history":[{"count":6,"href":"https:\/\/prg-astra.com\/wp\/index.php?rest_route=\/wp\/v2\/pages\/9\/revisions"}],"predecessor-version":[{"id":31,"href":"https:\/\/prg-astra.com\/wp\/index.php?rest_route=\/wp\/v2\/pages\/9\/revisions\/31"}],"wp:attachment":[{"href":"https:\/\/prg-astra.com\/wp\/index.php?rest_route=%2Fwp%2Fv2%2Fmedia&parent=9"}],"curies":[{"name":"wp","href":"https:\/\/api.w.org\/{rel}","templated":true}]}}